{"id":385,"date":"2024-05-03T09:38:54","date_gmt":"2024-05-03T09:38:54","guid":{"rendered":"https:\/\/ppbi.pt\/wordpress\/?page_id=385"},"modified":"2024-10-18T13:46:33","modified_gmt":"2024-10-18T13:46:33","slug":"nms","status":"publish","type":"page","link":"https:\/\/ppbi.pt\/wordpress\/index.php\/nms\/","title":{"rendered":"NMS"},"content":{"rendered":"\n<div class=\"wp-block-cover alignfull\" style=\"padding-top:2%;min-height:358px;aspect-ratio:unset;\"><span aria-hidden=\"true\" class=\"wp-block-cover__background has-background-dim-70 has-background-dim wp-block-cover__gradient-background has-background-gradient\" style=\"background:linear-gradient(184deg,rgb(0,0,0) 0%,rgba(205,205,205,0) 100%)\"><\/span><img loading=\"lazy\" decoding=\"async\" width=\"1200\" height=\"900\" class=\"wp-block-cover__image-background wp-image-946\" alt=\"\" src=\"https:\/\/ppbi.pt\/wordpress\/wp-content\/uploads\/2024\/05\/Unidade-Miicroscopia.jpg\" style=\"object-position:43% 27%\" data-object-fit=\"cover\" data-object-position=\"43% 27%\" srcset=\"https:\/\/ppbi.pt\/wordpress\/wp-content\/uploads\/2024\/05\/Unidade-Miicroscopia.jpg 1200w, https:\/\/ppbi.pt\/wordpress\/wp-content\/uploads\/2024\/05\/Unidade-Miicroscopia-300x225.jpg 300w, https:\/\/ppbi.pt\/wordpress\/wp-content\/uploads\/2024\/05\/Unidade-Miicroscopia-1024x768.jpg 1024w, https:\/\/ppbi.pt\/wordpress\/wp-content\/uploads\/2024\/05\/Unidade-Miicroscopia-768x576.jpg 768w\" sizes=\"auto, (max-width: 1200px) 100vw, 1200px\" \/><div class=\"wp-block-cover__inner-container has-global-padding is-layout-constrained wp-container-core-cover-is-layout-ee51f2d2 wp-block-cover-is-layout-constrained\">\n<p class=\"has-text-align-center has-large-font-size\"><\/p>\n<\/div><\/div>\n\n\n\n<div class=\"wp-block-group alignfull has-background is-layout-flow wp-block-group-is-layout-flow\" style=\"background-color:#f2f0e9\"><div class=\"facility-header\">\r\n  <div class=\"logo-container\">\r\n      <img decoding=\"async\" src=\"https:\/\/ppbi.pt\/wordpress\/wp-content\/uploads\/2024\/08\/nms.png\" alt=\"NMS Microscopy Facility logo\" \/>\r\n  <\/div>\r\n  <h1 class=\"facility-name\">\r\n    <span class=\"unit\">NMS Microscopy Facility<\/span>\r\n  <\/h1>\r\n<\/div>\n\n\n\n<div class=\"wp-block-columns is-layout-flex wp-container-core-columns-is-layout-28f84493 wp-block-columns-is-layout-flex\">\n<div class=\"wp-block-column is-layout-flow wp-block-column-is-layout-flow\" style=\"flex-basis:25%\"><\/div>\n\n\n\n<div class=\"wp-block-column is-vertically-aligned-center is-layout-flow wp-block-column-is-layout-flow\" style=\"flex-basis:100%\">\n<hr class=\"wp-block-separator has-alpha-channel-opacity is-style-wide\"\/>\n<\/div>\n\n\n\n<div class=\"wp-block-column is-layout-flow wp-block-column-is-layout-flow\" style=\"flex-basis:25%\"><\/div>\n<\/div>\n\n\n\n<div class=\"wp-block-group has-global-padding is-content-justification-center is-layout-constrained wp-block-group-is-layout-constrained\"><div style=\"text-align: justify;\">\r\n\t<p>The NMS Research microscopy facility possess the scientific know-how and technical knowledge in advanced microscopy and image analysis to support and enhance scientific research. We also provide access to a wide variety of instruments covering from basic to advanced light microscopy, available to all research community (NMS and External users).<br \/>\nThe Facility staff assists researchers in the experimental planning of light microscopy experiments, provides in-depth training for the operation of the microscopes as well as troubleshooting during microscopes operation.<\/p>\n<p>Additionally, support is provided in the processing, rendering and analysis of acquired datasets. If needed, custom analysis routines will be provided as a service.<br \/>\nFor the continued high-quality service, it is our mission to keep our resources updated and our staff on top of the latest microscopy developments and techniques.<\/p>\n\r\n<\/div>\n\n\n<div class=\"button-container\">\r\n    <a href=\"https:\/\/www.nms.unl.pt\/en-us\/research\/services-infrastructures\/services-to-the-community\/detalhe-en-us\/facilityid\/2800\" class=\"custom-button\" target=\"_blank\" rel=\"noopener\">\r\n        Visit Node Website\r\n    <\/a>\r\n<\/div>\n<\/div>\n\n\n\n<div style=\"height:19px\" aria-hidden=\"true\" class=\"wp-block-spacer\"><\/div>\n<\/div>\n\n\n\n<div class=\"wp-block-group alignwide has-global-padding is-layout-constrained wp-container-core-group-is-layout-81f87533 wp-block-group-is-layout-constrained\" style=\"margin-top:0px;margin-bottom:0px;padding-top:0px;padding-right:30px;padding-bottom:0px;padding-left:30px\"><div class=\"team-container\">\r\n    <h2 class=\"team-heading\">Team<\/h2>\r\n    \r\n        <div class=\"node-head\">\r\n            \r\n                <div class=\"team-member\">\r\n                    <div class=\"team-photo\">\r\n                        <img decoding=\"async\" src=\"https:\/\/ppbi.pt\/wordpress\/wp-content\/uploads\/2024\/07\/Telmo-Pereira.png\" alt=\"Telmo Pereira\">\r\n                    <\/div>\r\n                    <div class=\"team-info\">\r\n                        <h2>Telmo Pereira<\/h2>\r\n                        <p class=\"title\">Head<\/p>\r\n                        <p class=\"email\">\r\n                            <a href=\"mailto:telmo.pereira@nms.unl.pt\">\r\n                                <i class=\"fas fa-envelope\"><\/i>\r\n                            <\/a>\r\n                        <\/p>\r\n                    <\/div>\r\n                <\/div>\r\n            \r\n        <\/div>\r\n    \r\n\r\n    \r\n        <div class=\"node-team\">\r\n            <div class=\"team-grid\">\r\n                \r\n                    <div class=\"team-member\">\r\n                        <div class=\"team-photo\">\r\n                            <img decoding=\"async\" src=\"https:\/\/ppbi.pt\/wordpress\/wp-content\/uploads\/2025\/12\/james_lillis.jpg\" alt=\"James Lillis\">\r\n                        <\/div>\r\n                        <div class=\"team-info\">\r\n                            <h2>James Lillis<\/h2>\r\n                            <p class=\"title\">Microscopy Specialist<\/p>\r\n                            <p class=\"email\">\r\n                                <a href=\"mailto:james.lillis@nms.unl.pt\">\r\n                                    <i class=\"fas fa-envelope\"><\/i>\r\n                                <\/a>\r\n                            <\/p>\r\n                        <\/div>\r\n                    <\/div>\r\n                \r\n            <\/div>\r\n        <\/div>\r\n    \r\n\r\n    \r\n<\/div>\n<\/div>\n\n\n\n<div class=\"wp-block-group alignfull has-text-color has-background has-global-padding is-content-justification-center is-layout-constrained wp-container-core-group-is-layout-f6c223c6 wp-block-group-is-layout-constrained\" style=\"color:#252525;background-color:#ffffff;padding-top:2.4rem;padding-right:2.71rem;padding-bottom:4.51rem;padding-left:2.71rem;font-size:clamp(0.875rem, 0.875rem + ((1vw - 0.2rem) * 0.682), 1.25rem);font-style:normal;font-weight:400;line-height:1.5\"><div class=\"wp-block-ub-content-toggle wp-block-ub-content-toggle-block\" id=\"ub-content-toggle-block-337f11ed-83c5-4bcf-a764-265660b86568\" data-mobilecollapse=\"false\" data-desktopcollapse=\"true\" data-preventcollapse=\"false\" data-showonlyone=\"false\">\n<div class=\"wp-block-ub-content-toggle-accordion\" style=\"border-color: #f1f1f1; \" id=\"ub-content-toggle-panel-block-6d99a45d-733a-4a71-a93c-bec838e400ee\">\n\t\t\t<div class=\"wp-block-ub-content-toggle-accordion-title-wrap\" style=\"background-color: #f1f1f1;\" aria-controls=\"ub-content-toggle-panel-0-337f11ed-83c5-4bcf-a764-265660b86568\" tabindex=\"0\">\n\t\t\t<p class=\"wp-block-ub-content-toggle-accordion-title ub-content-toggle-title-337f11ed-83c5-4bcf-a764-265660b86568\" style=\"color: #000000; \">Resources<\/p>\n\t\t\t<div class=\"wp-block-ub-content-toggle-accordion-toggle-wrap right\" style=\"color: #000000;\"><span class=\"wp-block-ub-content-toggle-accordion-state-indicator wp-block-ub-chevron-down\"><\/span><\/div>\n\t\t<\/div>\n\t\t\t<div role=\"region\" aria-expanded=\"false\" class=\"wp-block-ub-content-toggle-accordion-content-wrap ub-hide\" id=\"ub-content-toggle-panel-0-337f11ed-83c5-4bcf-a764-265660b86568\">\n<div class=\"equipment-software-container\">\r\n    <div class=\"equipment-section\">\r\n        <p><strong>Equipment:<\/strong><\/p>\r\n        <div class=\"node-container\">\r\n            <ul>\r\n                \r\n                    <li>ZEISS AxioImager Z2<\/li>\r\n                \r\n                    <li>ZEISS Cell Observer SD<\/li>\r\n                \r\n                    <li>ZEISS LSM 980 with Airyscan 2<\/li>\r\n                \r\n                    <li>ZEISS LSM 710<\/li>\r\n                \r\n                    <li>ZEISS Axio Observer Z1<\/li>\r\n                \r\n            <\/ul>\r\n        <\/div>\r\n    <\/div>\r\n\r\n    <div class=\"software-section\">\r\n        <p><strong>Software:<\/strong><\/p>\r\n        <div class=\"node-container\">\r\n            <ul>\r\n                \r\n                    <li>Huygens<\/li>\r\n                \r\n                    <li>Imaris<\/li>\r\n                \r\n                    <li>ZEISS ZEN<\/li>\r\n                \r\n                    <li>CellProfiler<\/li>\r\n                \r\n                    <li>Fiji<\/li>\r\n                \r\n                    <li>MatLab<\/li>\r\n                \r\n                    <li>ilastik<\/li>\r\n                \r\n            <\/ul>\r\n        <\/div>\r\n    <\/div>\r\n<\/div>\n\n<\/div>\n\t\t<\/div>\n\n<div class=\"wp-block-ub-content-toggle-accordion\" style=\"border-color: #f1f1f1; \" id=\"ub-content-toggle-panel-block-3903b010-9376-44bd-af7a-533e7f90d5e4\">\n\t\t\t<div class=\"wp-block-ub-content-toggle-accordion-title-wrap\" style=\"background-color: #f1f1f1;\" aria-controls=\"ub-content-toggle-panel-1-337f11ed-83c5-4bcf-a764-265660b86568\" tabindex=\"0\">\n\t\t\t<p class=\"wp-block-ub-content-toggle-accordion-title ub-content-toggle-title-337f11ed-83c5-4bcf-a764-265660b86568\" style=\"color: #000000; \">Offered Technologies<\/p>\n\t\t\t<div class=\"wp-block-ub-content-toggle-accordion-toggle-wrap right\" style=\"color: #000000;\"><span class=\"wp-block-ub-content-toggle-accordion-state-indicator wp-block-ub-chevron-down\"><\/span><\/div>\n\t\t<\/div>\n\t\t\t<div role=\"region\" aria-expanded=\"false\" class=\"wp-block-ub-content-toggle-accordion-content-wrap ub-hide\" id=\"ub-content-toggle-panel-1-337f11ed-83c5-4bcf-a764-265660b86568\">\n<ul>\r\n        \r\n            <li>Spinning disk confocal microscopy (SDCM)<\/li>\r\n        \r\n            <li>Deconvolution Widefield Microscopy (DWM)<\/li>\r\n        \r\n            <li>Laser Scanning Confocal Microscopy (LSCM\/CLSM)<\/li>\r\n        \r\n            <li>Fluorescence Recovery After Photobleaching (FRAP)<\/li>\r\n        \r\n            <li>F\u00f6rster Resonance Energy Transfer (FRET)<\/li>\r\n        \r\n            <li>High Performance Workstation<\/li>\r\n        \r\n            <li>Photomanipulation<\/li>\r\n        \r\n<\/ul>\n\n<\/div>\n\t\t<\/div>\n\n<div class=\"wp-block-ub-content-toggle-accordion\" style=\"border-color: #f1f1f1; \" id=\"ub-content-toggle-panel-block-07b0357b-61ea-47ab-8a84-01580cf4c792\">\n\t\t\t<div class=\"wp-block-ub-content-toggle-accordion-title-wrap\" style=\"background-color: #f1f1f1;\" aria-controls=\"ub-content-toggle-panel-2-337f11ed-83c5-4bcf-a764-265660b86568\" tabindex=\"0\">\n\t\t\t<p class=\"wp-block-ub-content-toggle-accordion-title ub-content-toggle-title-337f11ed-83c5-4bcf-a764-265660b86568\" style=\"color: #000000; \">Publications<\/p>\n\t\t\t<div class=\"wp-block-ub-content-toggle-accordion-toggle-wrap right\" style=\"color: #000000;\"><span class=\"wp-block-ub-content-toggle-accordion-state-indicator wp-block-ub-chevron-down\"><\/span><\/div>\n\t\t<\/div>\n\t\t\t<div role=\"region\" aria-expanded=\"false\" class=\"wp-block-ub-content-toggle-accordion-content-wrap ub-hide\" id=\"ub-content-toggle-panel-2-337f11ed-83c5-4bcf-a764-265660b86568\">\n<ul>\n<li>Ferreira JV, da Rosa Soares A, Pereira P. <strong>LAMP2A mediates the loading of proteins into endosomes and selects exosomal cargo.<\/strong> Autophagy. 2022 Jun 27;:1-3. doi: 10.1080\/15548627.2022.2092315. [Epub ahead of print] PubMed PMID: 35761480.<\/li>\n<\/ul>\n<p>&nbsp;<\/p>\n<ul>\n<li>Ana S Brand\u00e3o , Jorge Borbinha, Telmo Pereira, Patr\u00edcia H Brito, Raquel Louren\u00e7o, Anabela Bensimon-Brito, Antonio Jacinto (2022)<strong> A regeneration-triggered metabolic adaptation is necessary for cell identity transitions and cell cycle re-entry to support blastema formation and bone regeneration<\/strong> eLife 11:e76987. https:\/\/doi.org\/10.7554\/eLife.76987<\/li>\n<\/ul>\n\n\n<\/div>\n\t\t<\/div>\n\n<div class=\"wp-block-ub-content-toggle-accordion\" style=\"border-color: #f1f1f1; \" id=\"ub-content-toggle-panel-block-d4803271-be56-4ac5-8ac0-7e402a5e0593\">\n\t\t\t<div class=\"wp-block-ub-content-toggle-accordion-title-wrap\" style=\"background-color: #f1f1f1;\" aria-controls=\"ub-content-toggle-panel-3-337f11ed-83c5-4bcf-a764-265660b86568\" tabindex=\"0\">\n\t\t\t<p class=\"wp-block-ub-content-toggle-accordion-title ub-content-toggle-title-337f11ed-83c5-4bcf-a764-265660b86568\" style=\"color: #000000; \">Job Shadowing<\/p>\n\t\t\t<div class=\"wp-block-ub-content-toggle-accordion-toggle-wrap right\" style=\"color: #000000;\"><span class=\"wp-block-ub-content-toggle-accordion-state-indicator wp-block-ub-chevron-down\"><\/span><\/div>\n\t\t<\/div>\n\t\t\t<div role=\"region\" aria-expanded=\"false\" class=\"wp-block-ub-content-toggle-accordion-content-wrap ub-hide\" id=\"ub-content-toggle-panel-3-337f11ed-83c5-4bcf-a764-265660b86568\">\n<ul><li>Facility Management<\/li><li>Image Analysis and Processing<\/li><li>User Training<\/li><\/ul>\n\n<\/div>\n\t\t<\/div>\n<\/div><\/div>\n","protected":false},"excerpt":{"rendered":"","protected":false},"author":5,"featured_media":0,"parent":0,"menu_order":0,"comment_status":"closed","ping_status":"closed","template":"","meta":{"footnotes":""},"class_list":["post-385","page","type-page","status-publish","hentry"],"featured_image_src":null,"yoast_head":"<!-- This site is optimized with the Yoast SEO plugin v27.3 - https:\/\/yoast.com\/product\/yoast-seo-wordpress\/ -->\n<title>NMS - ELMI Booth<\/title>\n<meta name=\"description\" content=\"Nova Medical School Microscopy Facility ppbi node\" \/>\n<meta name=\"robots\" content=\"index, follow, max-snippet:-1, max-image-preview:large, max-video-preview:-1\" \/>\n<link rel=\"canonical\" href=\"https:\/\/ppbi.pt\/wordpress\/index.php\/nms\/\" \/>\n<meta property=\"og:locale\" content=\"en_US\" \/>\n<meta property=\"og:type\" content=\"article\" \/>\n<meta property=\"og:title\" content=\"NMS - ELMI Booth\" \/>\n<meta property=\"og:description\" content=\"Nova Medical School Microscopy Facility ppbi node\" \/>\n<meta property=\"og:url\" content=\"https:\/\/ppbi.pt\/wordpress\/index.php\/nms\/\" \/>\n<meta property=\"og:site_name\" content=\"ELMI Booth\" \/>\n<meta property=\"article:publisher\" content=\"https:\/\/www.facebook.com\/profile.php?id=100063509859246\" \/>\n<meta property=\"article:modified_time\" content=\"2024-10-18T13:46:33+00:00\" \/>\n<meta property=\"og:image\" content=\"https:\/\/ppbi.pt\/wordpress\/wp-content\/uploads\/2024\/05\/Unidade-Miicroscopia.jpg\" \/>\n<meta name=\"twitter:card\" content=\"summary_large_image\" \/>\n<meta name=\"twitter:site\" content=\"@PPBioImaging\" \/>\n<meta name=\"twitter:label1\" content=\"Est. reading time\" \/>\n\t<meta name=\"twitter:data1\" content=\"1 minute\" \/>\n<script type=\"application\/ld+json\" class=\"yoast-schema-graph\">{\"@context\":\"https:\\\/\\\/schema.org\",\"@graph\":[{\"@type\":\"WebPage\",\"@id\":\"https:\\\/\\\/ppbi.pt\\\/wordpress\\\/index.php\\\/nms\\\/\",\"url\":\"https:\\\/\\\/ppbi.pt\\\/wordpress\\\/index.php\\\/nms\\\/\",\"name\":\"NMS - ELMI Booth\",\"isPartOf\":{\"@id\":\"https:\\\/\\\/ppbi.pt\\\/wordpress\\\/#website\"},\"primaryImageOfPage\":{\"@id\":\"https:\\\/\\\/ppbi.pt\\\/wordpress\\\/index.php\\\/nms\\\/#primaryimage\"},\"image\":{\"@id\":\"https:\\\/\\\/ppbi.pt\\\/wordpress\\\/index.php\\\/nms\\\/#primaryimage\"},\"thumbnailUrl\":\"https:\\\/\\\/ppbi.pt\\\/wordpress\\\/wp-content\\\/uploads\\\/2024\\\/05\\\/Unidade-Miicroscopia.jpg\",\"datePublished\":\"2024-05-03T09:38:54+00:00\",\"dateModified\":\"2024-10-18T13:46:33+00:00\",\"description\":\"Nova Medical School Microscopy Facility ppbi node\",\"breadcrumb\":{\"@id\":\"https:\\\/\\\/ppbi.pt\\\/wordpress\\\/index.php\\\/nms\\\/#breadcrumb\"},\"inLanguage\":\"en-US\",\"potentialAction\":[{\"@type\":\"ReadAction\",\"target\":[\"https:\\\/\\\/ppbi.pt\\\/wordpress\\\/index.php\\\/nms\\\/\"]}]},{\"@type\":\"ImageObject\",\"inLanguage\":\"en-US\",\"@id\":\"https:\\\/\\\/ppbi.pt\\\/wordpress\\\/index.php\\\/nms\\\/#primaryimage\",\"url\":\"https:\\\/\\\/ppbi.pt\\\/wordpress\\\/wp-content\\\/uploads\\\/2024\\\/05\\\/Unidade-Miicroscopia.jpg\",\"contentUrl\":\"https:\\\/\\\/ppbi.pt\\\/wordpress\\\/wp-content\\\/uploads\\\/2024\\\/05\\\/Unidade-Miicroscopia.jpg\",\"width\":1200,\"height\":900},{\"@type\":\"BreadcrumbList\",\"@id\":\"https:\\\/\\\/ppbi.pt\\\/wordpress\\\/index.php\\\/nms\\\/#breadcrumb\",\"itemListElement\":[{\"@type\":\"ListItem\",\"position\":1,\"name\":\"Home\",\"item\":\"https:\\\/\\\/ppbi.pt\\\/wordpress\\\/\"},{\"@type\":\"ListItem\",\"position\":2,\"name\":\"NMS\"}]},{\"@type\":\"WebSite\",\"@id\":\"https:\\\/\\\/ppbi.pt\\\/wordpress\\\/#website\",\"url\":\"https:\\\/\\\/ppbi.pt\\\/wordpress\\\/\",\"name\":\"PPBI\",\"description\":\"Insfrastructure for open access to Microscopy resources\",\"publisher\":{\"@id\":\"https:\\\/\\\/ppbi.pt\\\/wordpress\\\/#organization\"},\"potentialAction\":[{\"@type\":\"SearchAction\",\"target\":{\"@type\":\"EntryPoint\",\"urlTemplate\":\"https:\\\/\\\/ppbi.pt\\\/wordpress\\\/?s={search_term_string}\"},\"query-input\":{\"@type\":\"PropertyValueSpecification\",\"valueRequired\":true,\"valueName\":\"search_term_string\"}}],\"inLanguage\":\"en-US\"},{\"@type\":\"Organization\",\"@id\":\"https:\\\/\\\/ppbi.pt\\\/wordpress\\\/#organization\",\"name\":\"PPBI\",\"url\":\"https:\\\/\\\/ppbi.pt\\\/wordpress\\\/\",\"logo\":{\"@type\":\"ImageObject\",\"inLanguage\":\"en-US\",\"@id\":\"https:\\\/\\\/ppbi.pt\\\/wordpress\\\/#\\\/schema\\\/logo\\\/image\\\/\",\"url\":\"https:\\\/\\\/ppbi.pt\\\/wordpress\\\/wp-content\\\/uploads\\\/2024\\\/03\\\/PPBI_Logo-01.png\",\"contentUrl\":\"https:\\\/\\\/ppbi.pt\\\/wordpress\\\/wp-content\\\/uploads\\\/2024\\\/03\\\/PPBI_Logo-01.png\",\"width\":3508,\"height\":1187,\"caption\":\"PPBI\"},\"image\":{\"@id\":\"https:\\\/\\\/ppbi.pt\\\/wordpress\\\/#\\\/schema\\\/logo\\\/image\\\/\"},\"sameAs\":[\"https:\\\/\\\/www.facebook.com\\\/profile.php?id=100063509859246\",\"https:\\\/\\\/x.com\\\/PPBioImaging\",\"https:\\\/\\\/www.instagram.com\\\/ppbioimage\\\/\",\"https:\\\/\\\/www.linkedin.com\\\/company\\\/ppbi-portuguese-platform-of-bioimaging\\\/\"]}]}<\/script>\n<!-- \/ Yoast SEO plugin. -->","yoast_head_json":{"title":"NMS - ELMI Booth","description":"Nova Medical School Microscopy Facility ppbi node","robots":{"index":"index","follow":"follow","max-snippet":"max-snippet:-1","max-image-preview":"max-image-preview:large","max-video-preview":"max-video-preview:-1"},"canonical":"https:\/\/ppbi.pt\/wordpress\/index.php\/nms\/","og_locale":"en_US","og_type":"article","og_title":"NMS - ELMI Booth","og_description":"Nova Medical School Microscopy Facility ppbi node","og_url":"https:\/\/ppbi.pt\/wordpress\/index.php\/nms\/","og_site_name":"ELMI Booth","article_publisher":"https:\/\/www.facebook.com\/profile.php?id=100063509859246","article_modified_time":"2024-10-18T13:46:33+00:00","og_image":[{"url":"https:\/\/ppbi.pt\/wordpress\/wp-content\/uploads\/2024\/05\/Unidade-Miicroscopia.jpg","type":"","width":"","height":""}],"twitter_card":"summary_large_image","twitter_site":"@PPBioImaging","twitter_misc":{"Est. reading time":"1 minute"},"schema":{"@context":"https:\/\/schema.org","@graph":[{"@type":"WebPage","@id":"https:\/\/ppbi.pt\/wordpress\/index.php\/nms\/","url":"https:\/\/ppbi.pt\/wordpress\/index.php\/nms\/","name":"NMS - ELMI Booth","isPartOf":{"@id":"https:\/\/ppbi.pt\/wordpress\/#website"},"primaryImageOfPage":{"@id":"https:\/\/ppbi.pt\/wordpress\/index.php\/nms\/#primaryimage"},"image":{"@id":"https:\/\/ppbi.pt\/wordpress\/index.php\/nms\/#primaryimage"},"thumbnailUrl":"https:\/\/ppbi.pt\/wordpress\/wp-content\/uploads\/2024\/05\/Unidade-Miicroscopia.jpg","datePublished":"2024-05-03T09:38:54+00:00","dateModified":"2024-10-18T13:46:33+00:00","description":"Nova Medical School Microscopy Facility ppbi node","breadcrumb":{"@id":"https:\/\/ppbi.pt\/wordpress\/index.php\/nms\/#breadcrumb"},"inLanguage":"en-US","potentialAction":[{"@type":"ReadAction","target":["https:\/\/ppbi.pt\/wordpress\/index.php\/nms\/"]}]},{"@type":"ImageObject","inLanguage":"en-US","@id":"https:\/\/ppbi.pt\/wordpress\/index.php\/nms\/#primaryimage","url":"https:\/\/ppbi.pt\/wordpress\/wp-content\/uploads\/2024\/05\/Unidade-Miicroscopia.jpg","contentUrl":"https:\/\/ppbi.pt\/wordpress\/wp-content\/uploads\/2024\/05\/Unidade-Miicroscopia.jpg","width":1200,"height":900},{"@type":"BreadcrumbList","@id":"https:\/\/ppbi.pt\/wordpress\/index.php\/nms\/#breadcrumb","itemListElement":[{"@type":"ListItem","position":1,"name":"Home","item":"https:\/\/ppbi.pt\/wordpress\/"},{"@type":"ListItem","position":2,"name":"NMS"}]},{"@type":"WebSite","@id":"https:\/\/ppbi.pt\/wordpress\/#website","url":"https:\/\/ppbi.pt\/wordpress\/","name":"PPBI","description":"Insfrastructure for open access to Microscopy resources","publisher":{"@id":"https:\/\/ppbi.pt\/wordpress\/#organization"},"potentialAction":[{"@type":"SearchAction","target":{"@type":"EntryPoint","urlTemplate":"https:\/\/ppbi.pt\/wordpress\/?s={search_term_string}"},"query-input":{"@type":"PropertyValueSpecification","valueRequired":true,"valueName":"search_term_string"}}],"inLanguage":"en-US"},{"@type":"Organization","@id":"https:\/\/ppbi.pt\/wordpress\/#organization","name":"PPBI","url":"https:\/\/ppbi.pt\/wordpress\/","logo":{"@type":"ImageObject","inLanguage":"en-US","@id":"https:\/\/ppbi.pt\/wordpress\/#\/schema\/logo\/image\/","url":"https:\/\/ppbi.pt\/wordpress\/wp-content\/uploads\/2024\/03\/PPBI_Logo-01.png","contentUrl":"https:\/\/ppbi.pt\/wordpress\/wp-content\/uploads\/2024\/03\/PPBI_Logo-01.png","width":3508,"height":1187,"caption":"PPBI"},"image":{"@id":"https:\/\/ppbi.pt\/wordpress\/#\/schema\/logo\/image\/"},"sameAs":["https:\/\/www.facebook.com\/profile.php?id=100063509859246","https:\/\/x.com\/PPBioImaging","https:\/\/www.instagram.com\/ppbioimage\/","https:\/\/www.linkedin.com\/company\/ppbi-portuguese-platform-of-bioimaging\/"]}]}},"_links":{"self":[{"href":"https:\/\/ppbi.pt\/wordpress\/index.php\/wp-json\/wp\/v2\/pages\/385","targetHints":{"allow":["GET"]}}],"collection":[{"href":"https:\/\/ppbi.pt\/wordpress\/index.php\/wp-json\/wp\/v2\/pages"}],"about":[{"href":"https:\/\/ppbi.pt\/wordpress\/index.php\/wp-json\/wp\/v2\/types\/page"}],"author":[{"embeddable":true,"href":"https:\/\/ppbi.pt\/wordpress\/index.php\/wp-json\/wp\/v2\/users\/5"}],"replies":[{"embeddable":true,"href":"https:\/\/ppbi.pt\/wordpress\/index.php\/wp-json\/wp\/v2\/comments?post=385"}],"version-history":[{"count":35,"href":"https:\/\/ppbi.pt\/wordpress\/index.php\/wp-json\/wp\/v2\/pages\/385\/revisions"}],"predecessor-version":[{"id":3591,"href":"https:\/\/ppbi.pt\/wordpress\/index.php\/wp-json\/wp\/v2\/pages\/385\/revisions\/3591"}],"wp:attachment":[{"href":"https:\/\/ppbi.pt\/wordpress\/index.php\/wp-json\/wp\/v2\/media?parent=385"}],"curies":[{"name":"wp","href":"https:\/\/api.w.org\/{rel}","templated":true}]}}