{"id":372,"date":"2024-05-03T09:34:51","date_gmt":"2024-05-03T09:34:51","guid":{"rendered":"https:\/\/ppbi.pt\/wordpress\/?page_id=372"},"modified":"2024-10-18T13:42:16","modified_gmt":"2024-10-18T13:42:16","slug":"icvs","status":"publish","type":"page","link":"https:\/\/ppbi.pt\/wordpress\/index.php\/icvs\/","title":{"rendered":"ICVS-UM"},"content":{"rendered":"\n<div class=\"wp-block-cover alignfull\" style=\"padding-top:2%;min-height:358px;aspect-ratio:unset;\"><span aria-hidden=\"true\" class=\"wp-block-cover__background has-background-dim-70 has-background-dim wp-block-cover__gradient-background has-background-gradient\" style=\"background:linear-gradient(184deg,rgb(0,0,0) 0%,rgba(205,205,205,0) 100%)\"><\/span><img loading=\"lazy\" decoding=\"async\" width=\"1920\" height=\"580\" class=\"wp-block-cover__image-background wp-image-818\" alt=\"\" src=\"https:\/\/ppbi.pt\/wordpress\/wp-content\/uploads\/2024\/05\/banner_Microscopy.jpg\" style=\"object-position:48% 13%\" data-object-fit=\"cover\" data-object-position=\"48% 13%\" srcset=\"https:\/\/ppbi.pt\/wordpress\/wp-content\/uploads\/2024\/05\/banner_Microscopy.jpg 1920w, https:\/\/ppbi.pt\/wordpress\/wp-content\/uploads\/2024\/05\/banner_Microscopy-300x91.jpg 300w, https:\/\/ppbi.pt\/wordpress\/wp-content\/uploads\/2024\/05\/banner_Microscopy-1024x309.jpg 1024w, https:\/\/ppbi.pt\/wordpress\/wp-content\/uploads\/2024\/05\/banner_Microscopy-768x232.jpg 768w, https:\/\/ppbi.pt\/wordpress\/wp-content\/uploads\/2024\/05\/banner_Microscopy-1536x464.jpg 1536w\" sizes=\"auto, (max-width: 1920px) 100vw, 1920px\" \/><div class=\"wp-block-cover__inner-container has-global-padding is-layout-constrained wp-container-core-cover-is-layout-ee51f2d2 wp-block-cover-is-layout-constrained\">\n<p class=\"has-text-align-center has-large-font-size\"><\/p>\n<\/div><\/div>\n\n\n\n<div class=\"wp-block-group alignfull has-background is-layout-flow wp-block-group-is-layout-flow\" style=\"background-color:#f2f0e9\"><div class=\"facility-header\">\r\n  <div class=\"logo-container\">\r\n      <img decoding=\"async\" src=\"https:\/\/ppbi.pt\/wordpress\/wp-content\/uploads\/2024\/08\/icvs.png\" alt=\"Microscopy and Image Facility \u2013 ICVS logo\" \/>\r\n  <\/div>\r\n  <h1 class=\"facility-name\">\r\n    <span class=\"unit\">Microscopy and Image Facility \u2013 ICVS<\/span>\r\n  <\/h1>\r\n<\/div>\n\n\n\n<div class=\"wp-block-columns is-layout-flex wp-container-core-columns-is-layout-28f84493 wp-block-columns-is-layout-flex\">\n<div class=\"wp-block-column is-layout-flow wp-block-column-is-layout-flow\" style=\"flex-basis:25%\"><\/div>\n\n\n\n<div class=\"wp-block-column is-vertically-aligned-center is-layout-flow wp-block-column-is-layout-flow\" style=\"flex-basis:100%\">\n<hr class=\"wp-block-separator has-alpha-channel-opacity is-style-wide\"\/>\n<\/div>\n\n\n\n<div class=\"wp-block-column is-layout-flow wp-block-column-is-layout-flow\" style=\"flex-basis:25%\"><\/div>\n<\/div>\n\n\n\n<div class=\"wp-block-group has-global-padding is-content-justification-center is-layout-constrained wp-block-group-is-layout-constrained\"><div style=\"text-align: justify;\">\r\n\t<p>Microscopy and Imaging Facility (MIF) of ICVS presents a well-suited platform of equipment to meet the daily challenges of an innovative research institute, able to image very different types of samples: from cells and tissues to biomaterials and microorganisms. To fulfil these requirements, MIF grants access to imaging techniques including Widefield Microscopy (Brightfield, DIC, Phase Contrast, Polarized Light Imaging, Live Imaging and Fluorescence), Laser Scanning Confocal Microscopy (co-localization, Live Imaging, Multi-dimension imaging, FRET and FRAP), Stereology microscopy (Golgi Staining), and also to more differentiated technology as Holotomography, 2-Photon Microscopy and Micromanipulation Microscopy.<\/p>\n<p>Our strongest fields of expertise are the confocal microscopy, namely the multi-dimension imaging, co-localization studies, FRET and FRAP analysis; and the stereology microscopy, mostly for the analysis of nervous system regarding neuron morphology, cell density, volumetry, neuronal branching, spine count and classification.<\/p>\n<p>Looking forward to innovate and disseminate knowledge, we offer scientific advice and tailor-made solutions in study design, development and data analysis, while also providing regular hands-on training sessions for all microscopes.<\/p>\n\r\n<\/div>\n\n\n<div class=\"button-container\">\r\n    <a href=\"https:\/\/icvs.uminho.pt\/microscopy-and-imaging-facility\/\" class=\"custom-button\" target=\"_blank\" rel=\"noopener\">\r\n        Visit Node Website\r\n    <\/a>\r\n<\/div>\n<\/div>\n\n\n\n<div style=\"height:19px\" aria-hidden=\"true\" class=\"wp-block-spacer\"><\/div>\n<\/div>\n\n\n\n<div class=\"wp-block-group alignwide has-global-padding is-layout-constrained wp-container-core-group-is-layout-81f87533 wp-block-group-is-layout-constrained\" style=\"margin-top:0px;margin-bottom:0px;padding-top:0px;padding-right:30px;padding-bottom:0px;padding-left:30px\"><div class=\"team-container\">\r\n    <h2 class=\"team-heading\">Team<\/h2>\r\n    \r\n        <div class=\"node-head\">\r\n            \r\n                <div class=\"team-member\">\r\n                    <div class=\"team-photo\">\r\n                        <img decoding=\"async\" src=\"https:\/\/ppbi.pt\/wordpress\/wp-content\/uploads\/2024\/12\/andreia_castro_crop_1.jpg\" alt=\"Andreia Teixeira Castro\">\r\n                    <\/div>\r\n                    <div class=\"team-info\">\r\n                        <h2>Andreia Teixeira Castro<\/h2>\r\n                        <p class=\"title\">Head<\/p>\r\n                        <p class=\"email\">\r\n                            <a href=\"mailto:accastro@med.uminho.pt\">\r\n                                <i class=\"fas fa-envelope\"><\/i>\r\n                            <\/a>\r\n                        <\/p>\r\n                    <\/div>\r\n                <\/div>\r\n            \r\n        <\/div>\r\n    \r\n\r\n    \r\n        <div class=\"node-team\">\r\n            <div class=\"team-grid\">\r\n                \r\n                    <div class=\"team-member\">\r\n                        <div class=\"team-photo\">\r\n                            <img decoding=\"async\" src=\"https:\/\/ppbi.pt\/wordpress\/wp-content\/uploads\/2024\/08\/Goreti-Pinto-editada.jpg\" alt=\"Luc\u00edlia Goreti Pinto\">\r\n                        <\/div>\r\n                        <div class=\"team-info\">\r\n                            <h2>Luc\u00edlia Goreti Pinto<\/h2>\r\n                            <p class=\"title\">Staff<\/p>\r\n                            <p class=\"email\">\r\n                                <a href=\"mailto:luciliapinto@med.uminho.pt\">\r\n                                    <i class=\"fas fa-envelope\"><\/i>\r\n                                <\/a>\r\n                            <\/p>\r\n                        <\/div>\r\n                    <\/div>\r\n                \r\n            <\/div>\r\n        <\/div>\r\n    \r\n\r\n    \r\n<\/div>\n<\/div>\n\n\n\n<div class=\"wp-block-group alignfull has-text-color has-background has-global-padding is-content-justification-center is-layout-constrained wp-container-core-group-is-layout-f6c223c6 wp-block-group-is-layout-constrained\" style=\"color:#252525;background-color:#ffffff;padding-top:2.4rem;padding-right:2.71rem;padding-bottom:4.51rem;padding-left:2.71rem;font-size:clamp(0.875rem, 0.875rem + ((1vw - 0.2rem) * 0.682), 1.25rem);font-style:normal;font-weight:400;line-height:1.5\"><div class=\"wp-block-ub-content-toggle wp-block-ub-content-toggle-block\" id=\"ub-content-toggle-block-ae2a5b75-befb-4b23-9c74-bdc94d195b47\" data-mobilecollapse=\"false\" data-desktopcollapse=\"true\" data-preventcollapse=\"false\" data-showonlyone=\"false\">\n<div class=\"wp-block-ub-content-toggle-accordion\" style=\"border-color: #f1f1f1; \" id=\"ub-content-toggle-panel-block-4a38f423-5c71-4a14-bdc6-f2bdfca58398\">\n\t\t\t<div class=\"wp-block-ub-content-toggle-accordion-title-wrap\" style=\"background-color: #f1f1f1;\" aria-controls=\"ub-content-toggle-panel-0-ae2a5b75-befb-4b23-9c74-bdc94d195b47\" tabindex=\"0\">\n\t\t\t<p class=\"wp-block-ub-content-toggle-accordion-title ub-content-toggle-title-ae2a5b75-befb-4b23-9c74-bdc94d195b47\" style=\"color: #000000; \">Resources<\/p>\n\t\t\t<div class=\"wp-block-ub-content-toggle-accordion-toggle-wrap right\" style=\"color: #000000;\"><span class=\"wp-block-ub-content-toggle-accordion-state-indicator wp-block-ub-chevron-down\"><\/span><\/div>\n\t\t<\/div>\n\t\t\t<div role=\"region\" aria-expanded=\"false\" class=\"wp-block-ub-content-toggle-accordion-content-wrap ub-hide\" id=\"ub-content-toggle-panel-0-ae2a5b75-befb-4b23-9c74-bdc94d195b47\">\n<div class=\"equipment-software-container\">\r\n    <div class=\"equipment-section\">\r\n        <p><strong>Equipment:<\/strong><\/p>\r\n        <div class=\"node-container\">\r\n            <ul>\r\n                \r\n                    <li>Olympus FV3000<\/li>\r\n                \r\n                    <li>Olympus FV1000<\/li>\r\n                \r\n                    <li>Olympus BX61<\/li>\r\n                \r\n                    <li>Olympus IX81<\/li>\r\n                \r\n                    <li>Olympus IX53<\/li>\r\n                \r\n                    <li>Nanolive&#8217;s 3D Cell Explorer (Holotomography)<\/li>\r\n                \r\n                    <li>2Photon Olympus FVMPE-RS<\/li>\r\n                \r\n            <\/ul>\r\n        <\/div>\r\n    <\/div>\r\n\r\n    <div class=\"software-section\">\r\n        <p><strong>Software:<\/strong><\/p>\r\n        <div class=\"node-container\">\r\n            <ul>\r\n                \r\n                    <li>Cellsense<\/li>\r\n                \r\n                    <li>Imaris<\/li>\r\n                \r\n                    <li>Neurolucida<\/li>\r\n                \r\n                    <li>Stereo Investigator<\/li>\r\n                \r\n                    <li>Steve<\/li>\r\n                \r\n            <\/ul>\r\n        <\/div>\r\n    <\/div>\r\n<\/div>\n\n<\/div>\n\t\t<\/div>\n\n<div class=\"wp-block-ub-content-toggle-accordion\" style=\"border-color: #f1f1f1; \" id=\"ub-content-toggle-panel-block-94918570-1740-4871-a4f6-b63c5078fb3c\">\n\t\t\t<div class=\"wp-block-ub-content-toggle-accordion-title-wrap\" style=\"background-color: #f1f1f1;\" aria-controls=\"ub-content-toggle-panel-1-ae2a5b75-befb-4b23-9c74-bdc94d195b47\" tabindex=\"0\">\n\t\t\t<p class=\"wp-block-ub-content-toggle-accordion-title ub-content-toggle-title-ae2a5b75-befb-4b23-9c74-bdc94d195b47\" style=\"color: #000000; \">Offered Technologies<\/p>\n\t\t\t<div class=\"wp-block-ub-content-toggle-accordion-toggle-wrap right\" style=\"color: #000000;\"><span class=\"wp-block-ub-content-toggle-accordion-state-indicator wp-block-ub-chevron-down\"><\/span><\/div>\n\t\t<\/div>\n\t\t\t<div role=\"region\" aria-expanded=\"false\" class=\"wp-block-ub-content-toggle-accordion-content-wrap ub-hide\" id=\"ub-content-toggle-panel-1-ae2a5b75-befb-4b23-9c74-bdc94d195b47\">\n<ul>\r\n        \r\n            <li>Deconvolution Widefield Microscopy (DWM)<\/li>\r\n        \r\n            <li>Laser Scanning Confocal Microscopy (LSCM\/CLSM)<\/li>\r\n        \r\n            <li>F\u00f6rster Resonance Energy Transfer (FRET)<\/li>\r\n        \r\n            <li>Fluorescence Recovery After Photobleaching (FRAP)<\/li>\r\n        \r\n            <li>Multiphoton Microscopy<\/li>\r\n        \r\n<\/ul>\n\n<\/div>\n\t\t<\/div>\n\n<div class=\"wp-block-ub-content-toggle-accordion\" style=\"border-color: #f1f1f1; \" id=\"ub-content-toggle-panel-block-a2bc16e3-9bcb-4dc7-8e3c-147902413b0e\">\n\t\t\t<div class=\"wp-block-ub-content-toggle-accordion-title-wrap\" style=\"background-color: #f1f1f1;\" aria-controls=\"ub-content-toggle-panel-2-ae2a5b75-befb-4b23-9c74-bdc94d195b47\" tabindex=\"0\">\n\t\t\t<p class=\"wp-block-ub-content-toggle-accordion-title ub-content-toggle-title-ae2a5b75-befb-4b23-9c74-bdc94d195b47\" style=\"color: #000000; \">Publications<\/p>\n\t\t\t<div class=\"wp-block-ub-content-toggle-accordion-toggle-wrap right\" style=\"color: #000000;\"><span class=\"wp-block-ub-content-toggle-accordion-state-indicator wp-block-ub-chevron-down\"><\/span><\/div>\n\t\t<\/div>\n\t\t\t<div role=\"region\" aria-expanded=\"false\" class=\"wp-block-ub-content-toggle-accordion-content-wrap ub-hide\" id=\"ub-content-toggle-panel-2-ae2a5b75-befb-4b23-9c74-bdc94d195b47\">\n<div id=\"ub-content-toggle-panel-2-7750d946-a942-45d8-b0de-e0f523a41c83\" class=\"wp-block-ub-content-toggle-accordion-content-wrap\" role=\"region\" aria-expanded=\"true\">\n<div class=\"wp-block-columns alignwide is-layout-flex wp-container-core-columns-is-layout-11 wp-block-columns-is-layout-flex\">\n<div class=\"wp-block-column is-vertically-aligned-top has-global-padding is-layout-constrained wp-block-column-is-layout-constrained\">\n<ul class=\"wp-block-list has-text-color\">\n<li class=\"has-medium-font-size\">Deseyve C, Domingues AV, Carvalho TTA, Armada G, Correia R, Vieitas-Gaspar N, Wezik M, Pinto L, Sousa N, Coimbra B, Rodrigues AJ, Soares-Cunha C. Nucleus accumbens neurons dynamically respond to appetitive and aversive associative learning. J Neurochem. 2024 Mar;168(3):312-327. doi: 10.1111\/jnc.16063. Epub 2024 Feb 5. PMID: 38317429.<\/li>\n<\/ul>\n<p>&nbsp;<\/p>\n<ul class=\"wp-block-list has-text-color\">\n<li class=\"has-medium-font-size\">Assun\u00e7\u00e3o-Silva RC, Pinho A, Cibr\u00e3o JR, Pereira IM, Monteiro S, Silva NA, Campos J, Rebelo AL, Schlosser G, Pinto L, Pandit A, Salgado AJ. Adipose tissue derived stem cell secretome induces motor and histological gains after complete spinal cord injury in <em>Xenopus laevis<\/em> and mice. J Tissue Eng. 2024 Feb 9;15:20417314231203824. doi: 10.1177\/20417314231203824. PMID: 38343771; PMCID: PMC10858666.<\/li>\n<\/ul>\n<p>&nbsp;<\/p>\n<ul class=\"wp-block-list has-text-color\">\n<li class=\"has-medium-font-size\">Lentilhas-Gra\u00e7a J, Santos DJ, Afonso J, Monteiro A, Pinho AG, Mendes VM, Dias MS, Gomes ED, Lima R, Fernandes LS, Fernandes-Amorim F, Pereira IM, de Sousa N, Cibr\u00e3o JR, Fernandes AM, Serra SC, Rocha LA, Campos J, Pinho TS, Monteiro S, Manadas B, Salgado AJ, Almeida RD, Silva NA. The secretome of macrophages has a differential impact on spinal cord injury recovery according to the polarization protocol. Front Immunol. 2024 Feb 20;15:1354479. doi: 10.3389\/fimmu.2024.1354479. PMID: 38444856; PMCID: PMC10912310.<\/li>\n<\/ul>\n<p>&nbsp;<\/p>\n<ul class=\"wp-block-list has-text-color\">\n<li class=\"has-medium-font-size\">Rodrigues RS, Moreira JB, Mateus JM, Barateiro A, Paulo SL, Vaz SH, Louren\u00e7o DM, Ribeiro FF, Soares R, Loureiro-Campos E, Bielefeld P, Sebasti\u00e3o AM, Fernandes A, Pinto L, Fitzsimons CP, Xapelli S. Cannabinoid type 2 receptor inhibition enhances the antidepressant and proneurogenic effects of physical exercise after chronic stress. Transl Psychiatry. 2024 Mar 30;14(1):170. doi: 10.1038\/s41398-024-02877-0. PMID: 38555299; PMCID: PMC10981758.<\/li>\n<\/ul>\n<\/div>\n<div class=\"wp-block-column is-layout-flow wp-block-column-is-layout-flow\">\n<ul class=\"wp-block-list has-text-color\">\n<li class=\"has-medium-font-size\">Martins-Macedo J, Ara\u00fajo B, Anjo SI, Silveira-Rosa T, Patr\u00edcio P, Alves ND, Silva JM, Teixeira FG, Manadas B, Rodrigues AJ, Lepore AC, Salgado AJ, Gomes ED, Pinto L. Glial-restricted precursors stimulate endogenous cytogenesis and effectively recover emotional deficits in a model of cytogenesis ablation. Mol Psychiatry. 2024 Mar 7. doi: 10.1038\/s41380-024-02490-z. Epub ahead of print. PMID: 38454085.<\/li>\n<\/ul>\n<p>&nbsp;<\/p>\n<ul class=\"wp-block-list has-text-color\">\n<li class=\"has-medium-font-size\">Pinho TS, Cibr\u00e3o JR, Silva D, Barata-Antunes S, Campos J, Afonso JL, Sampaio-Marques B, Ribeiro C, Macedo AS, Martins P, Cunha CB, Lanceros-Mendez S, Salgado AJ. In vitro neuronal and glial response to magnetically stimulated piezoelectric poly(hydroxybutyrate-co-hydroxyvalerate) (PHBV)\/cobalt ferrite (CFO) microspheres. Biomater Adv. 2024 May;159:213798. doi: 10.1016\/j.bioadv.2024.213798. Epub 2024 Feb 10. PMID: 38364446.<\/li>\n<\/ul>\n<p>&nbsp;<\/p>\n<ul class=\"wp-block-list has-text-color\">\n<li class=\"has-medium-font-size\">Yu Q, Du F, Belli I, Gomes PA, Sotiropoulos I, Waites CL. Glucocorticoid stress hormones stimulate vesicle-free Tau secretion and spreading in the brain. Cell Death Dis. 2024 Jan 18;15(1):73. doi: 10.1038\/s41419-024-06458-3. PMID: 38238309; PMCID: PMC10796385.<\/li>\n<\/ul>\n<\/div>\n<\/div>\n<\/div>\n\n\n<\/div>\n\t\t<\/div>\n\n<div class=\"wp-block-ub-content-toggle-accordion\" style=\"border-color: #f1f1f1; \" id=\"ub-content-toggle-panel-block-0eddaf54-912f-4a60-ae20-5aa4ef02e889\">\n\t\t\t<div class=\"wp-block-ub-content-toggle-accordion-title-wrap\" style=\"background-color: #f1f1f1;\" aria-controls=\"ub-content-toggle-panel-3-ae2a5b75-befb-4b23-9c74-bdc94d195b47\" tabindex=\"0\">\n\t\t\t<p class=\"wp-block-ub-content-toggle-accordion-title ub-content-toggle-title-ae2a5b75-befb-4b23-9c74-bdc94d195b47\" style=\"color: #000000; \">Job Shadowing<\/p>\n\t\t\t<div class=\"wp-block-ub-content-toggle-accordion-toggle-wrap right\" style=\"color: #000000;\"><span class=\"wp-block-ub-content-toggle-accordion-state-indicator wp-block-ub-chevron-down\"><\/span><\/div>\n\t\t<\/div>\n\t\t\t<div role=\"region\" aria-expanded=\"false\" class=\"wp-block-ub-content-toggle-accordion-content-wrap ub-hide\" id=\"ub-content-toggle-panel-3-ae2a5b75-befb-4b23-9c74-bdc94d195b47\">\n<ul><li><\/li><\/ul>\n\n<\/div>\n\t\t<\/div>\n<\/div><\/div>\n","protected":false},"excerpt":{"rendered":"","protected":false},"author":5,"featured_media":0,"parent":0,"menu_order":0,"comment_status":"closed","ping_status":"closed","template":"","meta":{"footnotes":""},"class_list":["post-372","page","type-page","status-publish","hentry"],"featured_image_src":null,"yoast_head":"<!-- This site is optimized with the Yoast SEO plugin v27.3 - https:\/\/yoast.com\/product\/yoast-seo-wordpress\/ -->\n<title>ICVS-UM - ELMI Booth<\/title>\n<meta name=\"robots\" content=\"index, follow, max-snippet:-1, max-image-preview:large, max-video-preview:-1\" \/>\n<link rel=\"canonical\" href=\"https:\/\/ppbi.pt\/wordpress\/index.php\/icvs\/\" \/>\n<meta property=\"og:locale\" content=\"en_US\" \/>\n<meta property=\"og:type\" content=\"article\" \/>\n<meta property=\"og:title\" content=\"ICVS-UM - ELMI Booth\" \/>\n<meta property=\"og:url\" content=\"https:\/\/ppbi.pt\/wordpress\/index.php\/icvs\/\" \/>\n<meta property=\"og:site_name\" content=\"ELMI Booth\" \/>\n<meta property=\"article:publisher\" content=\"https:\/\/www.facebook.com\/profile.php?id=100063509859246\" \/>\n<meta property=\"article:modified_time\" content=\"2024-10-18T13:42:16+00:00\" \/>\n<meta property=\"og:image\" content=\"https:\/\/ppbi.pt\/wordpress\/wp-content\/uploads\/2024\/05\/banner_Microscopy.jpg\" \/>\n<meta name=\"twitter:card\" content=\"summary_large_image\" \/>\n<meta name=\"twitter:site\" content=\"@PPBioImaging\" \/>\n<meta name=\"twitter:label1\" content=\"Est. reading time\" \/>\n\t<meta name=\"twitter:data1\" content=\"1 minute\" \/>\n<script type=\"application\/ld+json\" class=\"yoast-schema-graph\">{\"@context\":\"https:\\\/\\\/schema.org\",\"@graph\":[{\"@type\":\"WebPage\",\"@id\":\"https:\\\/\\\/ppbi.pt\\\/wordpress\\\/index.php\\\/icvs\\\/\",\"url\":\"https:\\\/\\\/ppbi.pt\\\/wordpress\\\/index.php\\\/icvs\\\/\",\"name\":\"ICVS-UM - ELMI Booth\",\"isPartOf\":{\"@id\":\"https:\\\/\\\/ppbi.pt\\\/wordpress\\\/#website\"},\"primaryImageOfPage\":{\"@id\":\"https:\\\/\\\/ppbi.pt\\\/wordpress\\\/index.php\\\/icvs\\\/#primaryimage\"},\"image\":{\"@id\":\"https:\\\/\\\/ppbi.pt\\\/wordpress\\\/index.php\\\/icvs\\\/#primaryimage\"},\"thumbnailUrl\":\"https:\\\/\\\/ppbi.pt\\\/wordpress\\\/wp-content\\\/uploads\\\/2024\\\/05\\\/banner_Microscopy.jpg\",\"datePublished\":\"2024-05-03T09:34:51+00:00\",\"dateModified\":\"2024-10-18T13:42:16+00:00\",\"breadcrumb\":{\"@id\":\"https:\\\/\\\/ppbi.pt\\\/wordpress\\\/index.php\\\/icvs\\\/#breadcrumb\"},\"inLanguage\":\"en-US\",\"potentialAction\":[{\"@type\":\"ReadAction\",\"target\":[\"https:\\\/\\\/ppbi.pt\\\/wordpress\\\/index.php\\\/icvs\\\/\"]}]},{\"@type\":\"ImageObject\",\"inLanguage\":\"en-US\",\"@id\":\"https:\\\/\\\/ppbi.pt\\\/wordpress\\\/index.php\\\/icvs\\\/#primaryimage\",\"url\":\"https:\\\/\\\/ppbi.pt\\\/wordpress\\\/wp-content\\\/uploads\\\/2024\\\/05\\\/banner_Microscopy.jpg\",\"contentUrl\":\"https:\\\/\\\/ppbi.pt\\\/wordpress\\\/wp-content\\\/uploads\\\/2024\\\/05\\\/banner_Microscopy.jpg\",\"width\":1920,\"height\":580,\"caption\":\"xr:d:DAFU2KCLcf8:16,j:504284233,t:22121519\"},{\"@type\":\"BreadcrumbList\",\"@id\":\"https:\\\/\\\/ppbi.pt\\\/wordpress\\\/index.php\\\/icvs\\\/#breadcrumb\",\"itemListElement\":[{\"@type\":\"ListItem\",\"position\":1,\"name\":\"Home\",\"item\":\"https:\\\/\\\/ppbi.pt\\\/wordpress\\\/\"},{\"@type\":\"ListItem\",\"position\":2,\"name\":\"ICVS-UM\"}]},{\"@type\":\"WebSite\",\"@id\":\"https:\\\/\\\/ppbi.pt\\\/wordpress\\\/#website\",\"url\":\"https:\\\/\\\/ppbi.pt\\\/wordpress\\\/\",\"name\":\"PPBI\",\"description\":\"Insfrastructure for open access to Microscopy resources\",\"publisher\":{\"@id\":\"https:\\\/\\\/ppbi.pt\\\/wordpress\\\/#organization\"},\"potentialAction\":[{\"@type\":\"SearchAction\",\"target\":{\"@type\":\"EntryPoint\",\"urlTemplate\":\"https:\\\/\\\/ppbi.pt\\\/wordpress\\\/?s={search_term_string}\"},\"query-input\":{\"@type\":\"PropertyValueSpecification\",\"valueRequired\":true,\"valueName\":\"search_term_string\"}}],\"inLanguage\":\"en-US\"},{\"@type\":\"Organization\",\"@id\":\"https:\\\/\\\/ppbi.pt\\\/wordpress\\\/#organization\",\"name\":\"PPBI\",\"url\":\"https:\\\/\\\/ppbi.pt\\\/wordpress\\\/\",\"logo\":{\"@type\":\"ImageObject\",\"inLanguage\":\"en-US\",\"@id\":\"https:\\\/\\\/ppbi.pt\\\/wordpress\\\/#\\\/schema\\\/logo\\\/image\\\/\",\"url\":\"https:\\\/\\\/ppbi.pt\\\/wordpress\\\/wp-content\\\/uploads\\\/2024\\\/03\\\/PPBI_Logo-01.png\",\"contentUrl\":\"https:\\\/\\\/ppbi.pt\\\/wordpress\\\/wp-content\\\/uploads\\\/2024\\\/03\\\/PPBI_Logo-01.png\",\"width\":3508,\"height\":1187,\"caption\":\"PPBI\"},\"image\":{\"@id\":\"https:\\\/\\\/ppbi.pt\\\/wordpress\\\/#\\\/schema\\\/logo\\\/image\\\/\"},\"sameAs\":[\"https:\\\/\\\/www.facebook.com\\\/profile.php?id=100063509859246\",\"https:\\\/\\\/x.com\\\/PPBioImaging\",\"https:\\\/\\\/www.instagram.com\\\/ppbioimage\\\/\",\"https:\\\/\\\/www.linkedin.com\\\/company\\\/ppbi-portuguese-platform-of-bioimaging\\\/\"]}]}<\/script>\n<!-- \/ Yoast SEO plugin. -->","yoast_head_json":{"title":"ICVS-UM - ELMI Booth","robots":{"index":"index","follow":"follow","max-snippet":"max-snippet:-1","max-image-preview":"max-image-preview:large","max-video-preview":"max-video-preview:-1"},"canonical":"https:\/\/ppbi.pt\/wordpress\/index.php\/icvs\/","og_locale":"en_US","og_type":"article","og_title":"ICVS-UM - ELMI Booth","og_url":"https:\/\/ppbi.pt\/wordpress\/index.php\/icvs\/","og_site_name":"ELMI Booth","article_publisher":"https:\/\/www.facebook.com\/profile.php?id=100063509859246","article_modified_time":"2024-10-18T13:42:16+00:00","og_image":[{"url":"https:\/\/ppbi.pt\/wordpress\/wp-content\/uploads\/2024\/05\/banner_Microscopy.jpg","type":"","width":"","height":""}],"twitter_card":"summary_large_image","twitter_site":"@PPBioImaging","twitter_misc":{"Est. reading time":"1 minute"},"schema":{"@context":"https:\/\/schema.org","@graph":[{"@type":"WebPage","@id":"https:\/\/ppbi.pt\/wordpress\/index.php\/icvs\/","url":"https:\/\/ppbi.pt\/wordpress\/index.php\/icvs\/","name":"ICVS-UM - ELMI Booth","isPartOf":{"@id":"https:\/\/ppbi.pt\/wordpress\/#website"},"primaryImageOfPage":{"@id":"https:\/\/ppbi.pt\/wordpress\/index.php\/icvs\/#primaryimage"},"image":{"@id":"https:\/\/ppbi.pt\/wordpress\/index.php\/icvs\/#primaryimage"},"thumbnailUrl":"https:\/\/ppbi.pt\/wordpress\/wp-content\/uploads\/2024\/05\/banner_Microscopy.jpg","datePublished":"2024-05-03T09:34:51+00:00","dateModified":"2024-10-18T13:42:16+00:00","breadcrumb":{"@id":"https:\/\/ppbi.pt\/wordpress\/index.php\/icvs\/#breadcrumb"},"inLanguage":"en-US","potentialAction":[{"@type":"ReadAction","target":["https:\/\/ppbi.pt\/wordpress\/index.php\/icvs\/"]}]},{"@type":"ImageObject","inLanguage":"en-US","@id":"https:\/\/ppbi.pt\/wordpress\/index.php\/icvs\/#primaryimage","url":"https:\/\/ppbi.pt\/wordpress\/wp-content\/uploads\/2024\/05\/banner_Microscopy.jpg","contentUrl":"https:\/\/ppbi.pt\/wordpress\/wp-content\/uploads\/2024\/05\/banner_Microscopy.jpg","width":1920,"height":580,"caption":"xr:d:DAFU2KCLcf8:16,j:504284233,t:22121519"},{"@type":"BreadcrumbList","@id":"https:\/\/ppbi.pt\/wordpress\/index.php\/icvs\/#breadcrumb","itemListElement":[{"@type":"ListItem","position":1,"name":"Home","item":"https:\/\/ppbi.pt\/wordpress\/"},{"@type":"ListItem","position":2,"name":"ICVS-UM"}]},{"@type":"WebSite","@id":"https:\/\/ppbi.pt\/wordpress\/#website","url":"https:\/\/ppbi.pt\/wordpress\/","name":"PPBI","description":"Insfrastructure for open access to Microscopy resources","publisher":{"@id":"https:\/\/ppbi.pt\/wordpress\/#organization"},"potentialAction":[{"@type":"SearchAction","target":{"@type":"EntryPoint","urlTemplate":"https:\/\/ppbi.pt\/wordpress\/?s={search_term_string}"},"query-input":{"@type":"PropertyValueSpecification","valueRequired":true,"valueName":"search_term_string"}}],"inLanguage":"en-US"},{"@type":"Organization","@id":"https:\/\/ppbi.pt\/wordpress\/#organization","name":"PPBI","url":"https:\/\/ppbi.pt\/wordpress\/","logo":{"@type":"ImageObject","inLanguage":"en-US","@id":"https:\/\/ppbi.pt\/wordpress\/#\/schema\/logo\/image\/","url":"https:\/\/ppbi.pt\/wordpress\/wp-content\/uploads\/2024\/03\/PPBI_Logo-01.png","contentUrl":"https:\/\/ppbi.pt\/wordpress\/wp-content\/uploads\/2024\/03\/PPBI_Logo-01.png","width":3508,"height":1187,"caption":"PPBI"},"image":{"@id":"https:\/\/ppbi.pt\/wordpress\/#\/schema\/logo\/image\/"},"sameAs":["https:\/\/www.facebook.com\/profile.php?id=100063509859246","https:\/\/x.com\/PPBioImaging","https:\/\/www.instagram.com\/ppbioimage\/","https:\/\/www.linkedin.com\/company\/ppbi-portuguese-platform-of-bioimaging\/"]}]}},"_links":{"self":[{"href":"https:\/\/ppbi.pt\/wordpress\/index.php\/wp-json\/wp\/v2\/pages\/372","targetHints":{"allow":["GET"]}}],"collection":[{"href":"https:\/\/ppbi.pt\/wordpress\/index.php\/wp-json\/wp\/v2\/pages"}],"about":[{"href":"https:\/\/ppbi.pt\/wordpress\/index.php\/wp-json\/wp\/v2\/types\/page"}],"author":[{"embeddable":true,"href":"https:\/\/ppbi.pt\/wordpress\/index.php\/wp-json\/wp\/v2\/users\/5"}],"replies":[{"embeddable":true,"href":"https:\/\/ppbi.pt\/wordpress\/index.php\/wp-json\/wp\/v2\/comments?post=372"}],"version-history":[{"count":29,"href":"https:\/\/ppbi.pt\/wordpress\/index.php\/wp-json\/wp\/v2\/pages\/372\/revisions"}],"predecessor-version":[{"id":3588,"href":"https:\/\/ppbi.pt\/wordpress\/index.php\/wp-json\/wp\/v2\/pages\/372\/revisions\/3588"}],"wp:attachment":[{"href":"https:\/\/ppbi.pt\/wordpress\/index.php\/wp-json\/wp\/v2\/media?parent=372"}],"curies":[{"name":"wp","href":"https:\/\/api.w.org\/{rel}","templated":true}]}}